{"id":843,"date":"2020-04-13T14:14:04","date_gmt":"2020-04-13T14:14:04","guid":{"rendered":"http:\/\/www.nika-ho.cz\/?page_id=843"},"modified":"2020-04-13T14:25:59","modified_gmt":"2020-04-13T14:25:59","slug":"vystavy","status":"publish","type":"page","link":"https:\/\/www.nika-ho.cz\/?page_id=843","title":{"rendered":"V\u00fdstavy"},"content":{"rendered":"\n<p style=\"text-align:center\" class=\"has-text-color has-huge-font-size has-very-light-gray-color\"><strong><em>Tituly<\/em><\/strong><\/p>\n\n\n\n<hr class=\"wp-block-separator\"\/>\n\n\n\n<p style=\"text-align:center\" class=\"has-text-color has-huge-font-size has-very-light-gray-color\"><strong><em>V\u00fdsledky v\u00fdstav<\/em><\/strong><\/p>\n\n\n\n<p><strong>10.12.2017<\/strong> &#8211;&nbsp;<em>MVP Nitra SK, t\u0159.\u0161ampion\u016f V4<\/em><\/p>\n\n\n\n<p><strong>09.12.2017<\/strong> &#8211;&nbsp;<em>MVP Nitra SK, t\u0159.\u0161ampion\u016f V4<\/em><\/p>\n\n\n\n<p style=\"text-align:center\" class=\"has-text-color has-large-font-size has-vivid-red-color\"><strong><em>KLUBOV\u00dd \u0160AMPION \u010cR<\/em><\/strong><\/p>\n\n\n\n<p><strong>09.09.2017<\/strong> &#8211; <em>KV \u010cesk\u00e1 Skalice \u010cR, t\u0159.\u0161ampion\u016f V4<\/em><\/p>\n\n\n\n<p><strong>04.06.2016<\/strong> &#8211; <em>Krajsk\u00e1 v\u00fdstava Zl\u00edn \u010cR, t\u0159.otev\u0159en\u00e1 V1,VT, Krajsk\u00fd v\u00edt\u011bz<\/em><\/p>\n\n\n\n<p><strong>13.06.2015<\/strong> &#8211; <em>Krajsk\u00e1 v\u00fdstava Zl\u00edn \u010cR, t\u0159.otev\u0159n\u00e1 V1, VT, Krajsk\u00fd v\u00edt\u011bz<\/em><\/p>\n\n\n\n<p style=\"text-align:center\" class=\"has-text-color has-large-font-size has-vivid-red-color\"><strong><em>\u0160AMPION SLOVENSKA<\/em><\/strong><br><\/p>\n\n\n\n<p><strong>30.11.2014<\/strong> &#8211; <em>MVP Nitra SK, t\u0159.otev\u0159en\u00e1 V1, CAC<\/em><\/p>\n\n\n\n<p><strong>23.10.2014<\/strong> &#8211; <em>EVROPSK\u00c1 V\u00ddSTAVA PS\u016e 2014 BRNO, t\u0159.otev\u0159en\u00e1 V<\/em><\/p>\n\n\n\n<p><strong>17.08.2014<\/strong> &#8211; <em>MVP Bratislava SK, t\u0159.otev\u0159en\u00e1 V2<\/em><\/p>\n\n\n\n<p><strong>16.08.2014<\/strong> &#8211; <em>MVP Bratislava SK, t\u0159.otev\u0159en\u00e1 V2<\/em><\/p>\n\n\n\n<p><strong>31.05.2014<\/strong> &#8211;<em> Krajsk\u00e1 v\u00fdstava Zl\u00edn \u010cR, t\u0159. otev\u0159en\u00e1 V1, VT, Krajsk\u00fd v\u00edt\u011bz<\/em><\/p>\n\n\n\n<p><strong>30.05.2014<\/strong> &#8211; <em>NVP Senec SK, t\u0159.otev\u0159en\u00e1 V2, r.CAC<\/em><\/p>\n\n\n\n<p><strong>03.05.2014<\/strong> &#8211; <em>SKV B\u0160O Kamenn\u00fd ml\u00fdn SK, t\u0159. otev\u0159en\u00e1 V3<\/em><\/p>\n\n\n\n<p><strong>19.04.2014<\/strong> &#8211; <em>Speci\u00e1ln\u00ed klubov\u00e1 v\u00fdstava B\u0160O Svojanov \u010cR, t\u0159.otev\u0159en\u00e1 V4<\/em><\/p>\n\n\n\n<p><strong>30.03.2014 <\/strong>&#8211; <em>MVP Nitra SK, t\u0159.otev\u0159en\u00e1 V2, r.CAC<\/em><\/p>\n\n\n\n<p><strong>29.03.2014 <\/strong>&#8211; <em>MVP Nitra SK, t\u0159.otev\u0159en\u00e1 V4<\/em><\/p>\n\n\n\n<p><strong>01.12.2013<\/strong> &#8211; <em>MVP Nitra SK, t\u0159.otev\u0159en\u00e1 V1, CAC, r.CACIB<\/em><\/p>\n\n\n\n<p><strong>30.11.2013<\/strong> &#8211; <em>MVP Nitra SK, t\u0159.otev\u0159en\u00e1 V1, CAC<\/em><\/p>\n\n\n\n<p><strong>01.06.2013<\/strong> &#8211; <em>Krajsk\u00e1 v\u00fdstava Zl\u00edn \u010cR, t\u0159.mezit\u0159\u00edda V1, VT<\/em><\/p>\n\n\n\n<p><strong>31.05.2013<\/strong> &#8211; <em>NVP Senec SK, t\u0159.mezit\u0159\u00edda V1, CAC<\/em><\/p>\n\n\n\n<p><strong>13.04.2013<\/strong> &#8211;  <em>SKV B\u0160O Kamenn\u00fd ml\u00fdn SK, t\u0159. mezit\u0159\u00edda VD2<\/em><\/p>\n\n\n\n<p><strong>31.03.2013<\/strong> &#8211; <em>Speci\u00e1ln\u00ed klubov\u00e1 v\u00fdstava B\u0160O Svojanov \u010cR, t\u0159.mezit\u0159\u00edda V1,CAC<\/em><\/p>\n\n\n\n<p><strong>05.01.2013<\/strong> &#8211; <em>Han\u00e1ck\u00e1 n\u00e1rodn\u00ed v\u00fdstava Brno \u010cR, t\u0159. mlad\u00fdch VD1<\/em><\/p>\n\n\n\n<p><strong>01.12.2012<\/strong> &#8211; <em>Mezin\u00e1rodn\u00ed v\u00fdstava Nitra SK, t\u0159. mlad\u00fdch V1, CAJC<\/em><\/p>\n\n\n\n<p><strong>29.09.2012<\/strong> &#8211; <em>N\u00e1rodn\u00ed v\u00fdstava Brno \u010cR, t\u0159. mlad\u00fdch V1,CAJC,BOJ<\/em><\/p>\n\n\n\n<p><strong>18.08.2012<\/strong> &#8211;<em> Mezin\u00e1rodn\u00ed v\u00fdstava Bratislava SK, t\u0159. mlad\u00fdch V1<\/em><\/p>\n\n\n\n<p><strong>02.06.2012<\/strong> &#8211; <em>Krajsk\u00e1 v\u00fdstava Zl\u00edn \u010cR, t\u0159. mlad\u00fdch V1, v\u00edt\u011bz t\u0159\u00eddy<\/em><\/p>\n\n\n\n<p><strong>07.04.2012<\/strong> &#8211; <em>Speci\u00e1ln\u00ed klubov\u00e1 v\u00fdstava B\u0160O Svojanov \u010cR, t\u0159. dorost VN1<\/em><\/p>\n\n\n\n<p><strong>07.01.2012 <\/strong>&#8211; <em>Han\u00e1ck\u00e1 n\u00e1rodn\u00ed v\u00fdstava \u010cR,&nbsp; t\u0159. dorost VN1<\/em><\/p>\n","protected":false},"excerpt":{"rendered":"<p>Tituly V\u00fdsledky v\u00fdstav 10.12.2017 &#8211;&nbsp;MVP Nitra SK, t\u0159.\u0161ampion\u016f V4 09.12.2017 &#8211;&nbsp;MVP Nitra SK, t\u0159.\u0161ampion\u016f V4 KLUBOV\u00dd \u0160AMPION \u010cR 09.09.2017 &#8211; KV \u010cesk\u00e1 Skalice \u010cR, t\u0159.\u0161ampion\u016f V4 04.06.2016 &#8211; Krajsk\u00e1 v\u00fdstava Zl\u00edn \u010cR, t\u0159.otev\u0159en\u00e1 V1,VT, Krajsk\u00fd v\u00edt\u011bz 13.06.2015 &#8211; Krajsk\u00e1 v\u00fdstava Zl\u00edn \u010cR, t\u0159.otev\u0159n\u00e1 V1, VT, Krajsk\u00fd v\u00edt\u011bz \u0160AMPION SLOVENSKA 30.11.2014 &#8211; MVP Nitra SK, t\u0159.otev\u0159en\u00e1 [&hellip;]<\/p>\n","protected":false},"author":2,"featured_media":0,"parent":172,"menu_order":0,"comment_status":"closed","ping_status":"closed","template":"","meta":{"ngg_post_thumbnail":0,"pgc_sgb_lightbox_settings":"","footnotes":""},"class_list":["post-843","page","type-page","status-publish","hentry"],"_links":{"self":[{"href":"https:\/\/www.nika-ho.cz\/index.php?rest_route=\/wp\/v2\/pages\/843","targetHints":{"allow":["GET"]}}],"collection":[{"href":"https:\/\/www.nika-ho.cz\/index.php?rest_route=\/wp\/v2\/pages"}],"about":[{"href":"https:\/\/www.nika-ho.cz\/index.php?rest_route=\/wp\/v2\/types\/page"}],"author":[{"embeddable":true,"href":"https:\/\/www.nika-ho.cz\/index.php?rest_route=\/wp\/v2\/users\/2"}],"replies":[{"embeddable":true,"href":"https:\/\/www.nika-ho.cz\/index.php?rest_route=%2Fwp%2Fv2%2Fcomments&post=843"}],"version-history":[{"count":3,"href":"https:\/\/www.nika-ho.cz\/index.php?rest_route=\/wp\/v2\/pages\/843\/revisions"}],"predecessor-version":[{"id":852,"href":"https:\/\/www.nika-ho.cz\/index.php?rest_route=\/wp\/v2\/pages\/843\/revisions\/852"}],"up":[{"embeddable":true,"href":"https:\/\/www.nika-ho.cz\/index.php?rest_route=\/wp\/v2\/pages\/172"}],"wp:attachment":[{"href":"https:\/\/www.nika-ho.cz\/index.php?rest_route=%2Fwp%2Fv2%2Fmedia&parent=843"}],"curies":[{"name":"wp","href":"https:\/\/api.w.org\/{rel}","templated":true}]}}