{"id":529,"date":"2020-02-08T17:23:08","date_gmt":"2020-02-08T17:23:08","guid":{"rendered":"http:\/\/www.nika-ho.cz\/?page_id=529"},"modified":"2021-01-31T20:14:22","modified_gmt":"2021-01-31T20:14:22","slug":"novinky-2-2","status":"publish","type":"page","link":"https:\/\/www.nika-ho.cz\/?page_id=529","title":{"rendered":"2020"},"content":{"rendered":"\n<div class=\"wp-block-image is-style-default\"><figure class=\"aligncenter is-resized\"><img loading=\"lazy\" decoding=\"async\" src=\"https:\/\/www.nika-ho.cz\/wp-content\/uploads\/2021\/01\/131640278_10157449159531507_8028343356985050020_o.jpg\" alt=\"\" class=\"wp-image-1116\" width=\"356\" height=\"510\" srcset=\"https:\/\/www.nika-ho.cz\/wp-content\/uploads\/2021\/01\/131640278_10157449159531507_8028343356985050020_o.jpg 712w, https:\/\/www.nika-ho.cz\/wp-content\/uploads\/2021\/01\/131640278_10157449159531507_8028343356985050020_o-209x300.jpg 209w\" sizes=\"auto, (max-width: 356px) 100vw, 356px\" \/><\/figure><\/div>\n\n\n\n<hr class=\"wp-block-separator\"\/>\n\n\n\n<p class=\"has-text-align-center has-vivid-red-color has-text-color has-large-font-size\"><strong>Asta Lucky a Alma Ria <\/strong><\/p>\n\n\n\n<p class=\"has-text-align-center has-vivid-red-color has-text-color has-large-font-size\"><strong>hledaj\u00ed nov\u00fd dom<\/strong><\/p>\n\n\n\n<p>Hled\u00e1me 2 nov\u00e9 domovy pro dv\u011b 3,5 let\u00e9  feny z na\u0161eho vrhu A &#8211; Alma Ria a Astu Lucky. Fenky spolu vyr\u016fstaly na farm\u011b. <\/p>\n\n\n\n<p class=\"has-text-align-right\">Kv\u016fli t\u00ed\u017eiv\u00e9 situaci majitel\u016f jsem fenky odebrala. Feny se za\u010daly chovat jako sme\u010dka v\u016f\u010di hospod\u00e1\u0159sk\u00fdm zv\u00ed\u0159at\u016fm a proto mus\u00ed m\u00edt ka\u017ed\u00e1 svou rodinu.<\/p>\n\n\n\n<p>Fenky jsou kontaktn\u00ed, mazliv\u00e9, \u010distotn\u00e9,kastrace v jedn\u00e1n\u00ed. Hod\u00ed se do aktivn\u00ed rodiny s&nbsp;d\u011btmi a&nbsp;domem se zahradou, ale nejrad\u011bji bez hospod\u00e1\u0159sk\u00fdch zv\u00ed\u0159at. Ko\u010dky moc ne\u0159e\u0161\u00ed. Jsou zvykl\u00e9 sp\u00e1t venku v&nbsp;kotci a maj\u00ed r\u00e1dy pohyb. Chozen\u00ed na vod\u00edtku moc neum\u00ed, ale na tom pracujeme. Fenky pot\u0159ebuj\u00ed hlavn\u011b kontakt a ka\u017ed\u00e1 svou rodinu. Alma je temperamentn\u011bj\u0161\u00ed, nem\u00e1 probl\u00e9m s&nbsp;pozn\u00e1v\u00e1n\u00edm ps\u016f, ale pot\u0159ebuje \u010das. Asta je citliv\u011bj\u0161\u00ed a mus\u00ed se na ni pomalu. <\/p>\n\n\n\n<h2 class=\"has-text-align-center wp-block-heading\">Asta Lucky<\/h2>\n\n\n\nngg_shortcode_0_placeholder\n\n\n\n<h2 class=\"has-text-align-center wp-block-heading\">Alma Ria<\/h2>\n\n\n\nngg_shortcode_1_placeholder\n\n\n\n<hr class=\"wp-block-separator\"\/>\n\n\n\n<p class=\"has-text-align-center has-large-font-size\"><strong>7.6.2020<\/strong><\/p>\n\n\n\n<p class=\"has-text-align-center\">Vnou\u010data na\u0161\u00ed Amber rostou do p\u011bkn\u00fdch ro\u0161\u0165\u00e1k\u016f.<\/p>\n\n\n\nngg_shortcode_2_placeholder\n\n\n\n<hr class=\"wp-block-separator\"\/>\n\n\n\n<p class=\"has-text-align-center has-large-font-size\"><strong>8.5.2020<\/strong><\/p>\n\n\n\n<div class=\"wp-block-image\"><figure class=\"aligncenter is-resized\"><img loading=\"lazy\" decoding=\"async\" src=\"https:\/\/www.nika-ho.cz\/wp-content\/uploads\/2020\/05\/96406617_10156891278051507_4069330042348371968_n.jpg\" alt=\"\" class=\"wp-image-902\" width=\"401\" height=\"401\" srcset=\"https:\/\/www.nika-ho.cz\/wp-content\/uploads\/2020\/05\/96406617_10156891278051507_4069330042348371968_n.jpg 720w, https:\/\/www.nika-ho.cz\/wp-content\/uploads\/2020\/05\/96406617_10156891278051507_4069330042348371968_n-150x150.jpg 150w, https:\/\/www.nika-ho.cz\/wp-content\/uploads\/2020\/05\/96406617_10156891278051507_4069330042348371968_n-300x300.jpg 300w\" sizes=\"auto, (max-width: 401px) 100vw, 401px\" \/><\/figure><\/div>\n\n\n\n<hr class=\"wp-block-separator\"\/>\n\n\n\n<p class=\"has-text-align-center has-large-font-size\"><strong>4.5.2020<\/strong><\/p>\n\n\n\n<div class=\"wp-block-image\"><figure class=\"aligncenter is-resized\"><img loading=\"lazy\" decoding=\"async\" src=\"https:\/\/www.nika-ho.cz\/wp-content\/uploads\/2020\/05\/95511384_10156881183856507_852109129135685632_n.jpg\" alt=\"\" class=\"wp-image-885\" width=\"299\" height=\"374\" srcset=\"https:\/\/www.nika-ho.cz\/wp-content\/uploads\/2020\/05\/95511384_10156881183856507_852109129135685632_n.jpg 719w, https:\/\/www.nika-ho.cz\/wp-content\/uploads\/2020\/05\/95511384_10156881183856507_852109129135685632_n-240x300.jpg 240w\" sizes=\"auto, (max-width: 299px) 100vw, 299px\" \/><\/figure><\/div>\n\n\n\n<hr class=\"wp-block-separator\"\/>\n\n\n\n<p class=\"has-text-align-center has-large-font-size\"><strong>2.5.2020<\/strong><\/p>\n\n\n\n<p class=\"has-text-align-center\">Amber Nika-Ho se stala matkou 2 fen a 4 kluk\u016f.<\/p>\n\n\n<div class=\"wp-block-wptb-table-block\"><div class=\"wptb-container-legacy\" data-table-id=\"1203\">\n    <table class=\"wptb-preview-table wptb-element-main-table_setting-1203\" data-reconstraction=\"1\" style=\"border-width: 0px; border-style: solid; border-image: initial;\" data-wptb-table-tds-sum-max-width=\"20\" data-wptb-cells-width-auto-count=\"2\" role=\"table\" data-wptb-td-width-auto=\"10\" data-wptb-header-background-color=\"#3e83dc\" data-table-columns=\"2\"><tbody><tr class=\"wptb-row\" data-wptb-bg-color=\"#3e83dc\" style=\"background-color: rgb(62, 131, 220);\"><td class=\"wptb-cell\" data-y-index=\"0\" data-x-index=\"0\" style=\"border-width: 1px; border-style: none; border-image: initial; padding: 0px;\" data-wptb-css-td-auto-width=\"true\"><div class=\"wptb-image-container wptb-ph-element wptb-element-image-1\"><div class=\"wptb-image-wrapper\">            <a style=\"display: block; width: 52%;\" class=\"\"><img loading=\"lazy\" decoding=\"async\" src=\"\/\/www.nika-ho.cz\/wp-content\/uploads\/2020\/05\/96239811_10213146904266713_3040443722916429824_o.jpg\" height=\"960\" width=\"720\" style=\"width: 100%;\"><\/a>        <\/div><\/div><div class=\"wptb-text-container wptb-ph-element wptb-element-text-1\"><div class=\"\" style=\"position: relative;\"><p><\/p><\/div><\/div><\/td><td class=\"wptb-cell\" data-y-index=\"0\" data-x-index=\"1\" style=\"border-width: 1px; border-style: none; border-image: initial; padding: 0px;\" data-wptb-css-td-auto-width=\"true\"><div class=\"wptb-text-container wptb-ph-element wptb-element-text-1\"><div class=\"\" style=\"position: relative;\"><p><br><\/p><\/div><\/div><div class=\"wptb-image-container wptb-ph-element wptb-element-image-2 edit-active\"><div class=\"wptb-image-wrapper\">            <a style=\"display: block; width: 65%;\" class=\"\"><img loading=\"lazy\" decoding=\"async\" src=\"\/\/www.nika-ho.cz\/wp-content\/uploads\/2021\/01\/Amber-mamina.jpg\" height=\"2015\" width=\"1832\" style=\"width: 100%;\"><\/a>        <\/div><\/div><\/td><\/tr><\/tbody><\/table>\n<\/div>\n<\/div>\n\n\n<hr class=\"wp-block-separator\"\/>\n\n\n\n<p class=\"has-text-align-center has-large-font-size\"><strong>16.4.2020<\/strong><\/p>\n\n\n\n<p class=\"has-text-align-center\">\u010cas let\u00ed jako voda ..<\/p>\n\n\n\n<div class=\"wp-block-image\"><figure class=\"aligncenter is-resized\"><img loading=\"lazy\" decoding=\"async\" src=\"https:\/\/www.nika-ho.cz\/wp-content\/uploads\/2020\/04\/93954908_10156817062421507_2111210093679738880_o.jpg\" alt=\"\" class=\"wp-image-875\" width=\"293\" height=\"424\" srcset=\"https:\/\/www.nika-ho.cz\/wp-content\/uploads\/2020\/04\/93954908_10156817062421507_2111210093679738880_o.jpg 665w, https:\/\/www.nika-ho.cz\/wp-content\/uploads\/2020\/04\/93954908_10156817062421507_2111210093679738880_o-208x300.jpg 208w\" sizes=\"auto, (max-width: 293px) 100vw, 293px\" \/><\/figure><\/div>\n\n\n\n<hr class=\"wp-block-separator\"\/>\n\n\n\n<p class=\"has-text-align-center has-large-font-size\"><strong>2.4.2019<\/strong><\/p>\n\n\n\n<p class=\"has-text-align-center has-medium-font-size\">Byla potvrzena b\u0159ezost na\u0161\u00ed fenky z Vrh &#8211; A. Chovatelsk\u00e1 stanice p\u0159ij\u00edm\u00e1 rezervace na \u0161t\u011b\u0148\u00e1tka.<\/p>\n\n\n\nngg_shortcode_3_placeholder\n\n\n\n<hr class=\"wp-block-separator\"\/>\n\n\n\n<p class=\"has-text-align-center has-large-font-size\"><strong>7.3.2020<\/strong><\/p>\n\n\n\n<p>Den v Brn\u011b. Je\u0161t\u011b ne\u017e za\u010dal z\u00e1kaz, tak se mi i Harppovi poda\u0159ilo se dostat na kurz &#8211; Prvni pomoc psa, kter\u00fd byl opravdu super a hodn\u011b mi pomohl a uk\u00e1zal mi cestu, jak se zachovat p\u0159i zran\u011bn\u00ed psa a jak mu d\u00e1t prvn\u00ed pomoc. Jako majitelce ps\u016f a \u010dlov\u011bku, kter\u00fd se sv\u00fdmi \u010dty\u0159noh\u00fdmi par\u0165\u00e1ky chod\u00ed na proch\u00e1zky, j\u00edzdy na kole \u010di b\u011bh, je dobr\u00e9 v\u011bd\u011bt jak se zachovat v dan\u00e9 situaci. Tento kurz doporu\u010duji. Lekto\u0159i jsou super a je mo\u017enost si vz\u00edt psa sebou a na n\u011bm pak vyzkou\u0161et praktickou \u010d\u00e1st. Co\u017e si Harppy vyzkou\u0161el a byl \u00fa\u017easn\u00fd a za to mu moc d\u011bkuji. A\u017e bude dal\u0161\u00ed tak vezmu Chata, to bude veselo, i kdy\u017e lektorky mi sami \u0159ekli p\u0159\u00ed\u0161t\u011b vem klidn\u011b oba, ale to si mus\u00edm prvn\u011b zjistit jac\u00ed tam budou ps\u00ed poslucha\u010di :-)..  Zde je fotka ze semin\u00e1\u0159e a j\u00e1 osobn\u011b se t\u011b\u0161\u00edm na dal\u0161\u00ed \ud83d\ude42<\/p>\n\n\n\n<div class=\"wp-block-image\"><figure class=\"aligncenter is-resized\"><img loading=\"lazy\" decoding=\"async\" src=\"https:\/\/www.nika-ho.cz\/wp-content\/uploads\/2020\/04\/89611276_10156692150911507_1808685465071517696_o.jpg\" alt=\"\" class=\"wp-image-874\" width=\"302\" height=\"401\"\/><figcaption><br><br><\/figcaption><\/figure><\/div>\n\n\n\n<hr class=\"wp-block-separator\"\/>\n\n\n\n<p class=\"has-text-align-center has-large-font-size\"><strong>2.3.2020<\/strong><\/p>\n\n\n\n<p>Vrh A oslavil 3 roky. Je neuv\u011b\u0159iteln\u00e9 jak ten \u010das let\u00ed. V\u0161echny 4 sestry jsou zdrav\u00e9, \u0161\u0165\u00e1stn\u00e9 a jedna z nich se v kv\u011btnu stane matkou. <\/p>\n\n\n\n<div class=\"wp-block-image\"><figure class=\"aligncenter is-resized\"><img loading=\"lazy\" decoding=\"async\" src=\"https:\/\/www.nika-ho.cz\/wp-content\/uploads\/2020\/04\/89488616_10156680932776507_4046267322099302400_n.jpg\" alt=\"\" class=\"wp-image-869\" width=\"399\" height=\"399\" srcset=\"https:\/\/www.nika-ho.cz\/wp-content\/uploads\/2020\/04\/89488616_10156680932776507_4046267322099302400_n.jpg 719w, https:\/\/www.nika-ho.cz\/wp-content\/uploads\/2020\/04\/89488616_10156680932776507_4046267322099302400_n-150x150.jpg 150w, https:\/\/www.nika-ho.cz\/wp-content\/uploads\/2020\/04\/89488616_10156680932776507_4046267322099302400_n-300x300.jpg 300w\" sizes=\"auto, (max-width: 399px) 100vw, 399px\" \/><\/figure><\/div>\n\n\n\n<hr class=\"wp-block-separator\"\/>\n\n\n\n<p class=\"has-text-align-center has-large-font-size\"><strong>1.2. &#8211; 2.2.2020<\/strong><\/p>\n\n\n\n<p><\/p>\n\n\n\n<p>Se konala MVP Brno. Na\u0161e chovatelsk\u00e1 stanice m\u011bla v sobotu zastoupen\u00ed z Vrhu B a to na\u0161e fenka Berta Nika-Ho a Beowulf Jambo Nika-Ho. V ned\u011bli se k sourozenc\u016fm p\u0159idal i br\u00e1\u0161ka Bumblebee Jambi Nika-Ho. V\u0161ichni sourozenci byli v mezit\u0159\u00edd\u011b, kter\u00e1 byla zastoupena soupe\u0159i. V sobotu jela podpo\u0159it sv\u00e9 d\u011bti i mamka Asta Lady Moravia Traj a po oba dva dny se kr\u00e1sn\u011b p\u0159edvedla i babi\u010dka na\u0161eho vrhu a matka na\u0161\u00ed Asta Tara Chelsey Donnevara,kter\u00e1 se jako veter\u00e1nka p\u0159edvedla a stala se \u0161ampionkou Veter\u00e1na.<\/p>\n\n\n\nngg_shortcode_4_placeholder\n\n\n\n<p><\/p>\n\n\n\n<hr class=\"wp-block-separator is-style-wide\"\/>\n\n\n\n<p class=\"has-text-align-center has-large-font-size\"><strong>24.1.-26.1.2020<\/strong><\/p>\n\n\n\n<p>MVP Nitra. 3 n\u00e1ro\u010dn\u00e9 , ale \u00fasp\u011b\u0161n\u00e9 dny . Na\u0161e fenka Berta 3x z\u00edskala V2.rCAC a to m\u011bla silnou konkureci. <\/p>\n\n\n\n<p>N\u00e1\u0161 Saarloos Chato se \u00fasp\u011b\u0161n\u011b rozlou\u010dil se svoj\u00ed v\u00fdstavn\u00ed kari\u00e9rou na Slovensku. V sobotu z\u00edskal BOB a v ned\u011bli BOS a taky posledn\u00ed a nejvy\u0161\u0161\u00ed titul \u0161ampiona SKJ. T\u00edm se stal prvn\u00edm SAV s t\u00edmto titulem.<\/p>\n\n\n\n<div class=\"wp-block-image\"><figure class=\"aligncenter is-resized\"><img loading=\"lazy\" decoding=\"async\" src=\"https:\/\/www.nika-ho.cz\/wp-content\/uploads\/2020\/02\/chato-slovensko-1.jpg\" alt=\"\" class=\"wp-image-657\" width=\"451\" height=\"451\" srcset=\"https:\/\/www.nika-ho.cz\/wp-content\/uploads\/2020\/02\/chato-slovensko-1.jpg 960w, https:\/\/www.nika-ho.cz\/wp-content\/uploads\/2020\/02\/chato-slovensko-1-150x150.jpg 150w, https:\/\/www.nika-ho.cz\/wp-content\/uploads\/2020\/02\/chato-slovensko-1-300x300.jpg 300w, https:\/\/www.nika-ho.cz\/wp-content\/uploads\/2020\/02\/chato-slovensko-1-768x768.jpg 768w\" sizes=\"auto, (max-width: 451px) 100vw, 451px\" \/><\/figure><\/div>\n\n\n\n<hr class=\"wp-block-separator is-style-wide\"\/>\n\n\n\n<p class=\"has-text-align-center has-large-font-size\"><strong>19.1.2020<\/strong><\/p>\n\n\n\n<p>Tak n\u00e1m napdl prvn\u00ed a i posledn\u00ed sn\u00edh. Hned jsme toho \u0161li vyu\u017e\u00edt a na\u0161e kamar\u00e1dka sousedka Nat\u00e1lka s br\u00e1\u0161kou postavili kr\u00e1sn\u00e9ho sn\u011bhul\u00e1ka.<\/p>\n\n\n\nngg_shortcode_5_placeholder\n\n\n\n<hr class=\"wp-block-separator is-style-wide\"\/>\n\n\n\n<p class=\"has-text-align-center has-large-font-size\"><strong>13.1.2020<\/strong><\/p>\n\n\n\n<p>Tak je tu rok 2020 a za\u010d\u00edn\u00e1 i nov\u00e1 v\u00fdstavn\u00ed sez\u00f3na , kterou jsme zapo\u010dali na NVP v Brn\u011b. Berta a bratr Beuwulf Jambo Nika-Ho v t\u0159. mezit\u0159\u00edd\u011b, Asta Lady Moravia Traj v t\u0159.pracovn\u00ed a taky p\u0159ijela babi\u010dka Tara Chelsey Donnevara. <\/p>\n\n\n\n<p>Berta Nika-Ho  V1, CAC , N\u00e1rodn\u00ed v\u00edt\u011bz <\/p>\n\n\n\n<p>Beowulf Jambo Nika-Ho V1, CAC<\/p>\n\n\n\n<p>Tara Chelsey Donnevara V1,CAC, NV , BOB , BIG 4<\/p>\n\n\n\n<p>Asta Lady Moravia Traj VD ( pov\u00e1no\u010dn\u00ed kg )<\/p>\n\n\n\n<div class=\"wp-block-image\"><figure class=\"aligncenter is-resized\"><img loading=\"lazy\" decoding=\"async\" src=\"https:\/\/www.nika-ho.cz\/wp-content\/uploads\/2020\/02\/nvp-Brno-13.1.20.jpg\" alt=\"\" class=\"wp-image-711\" width=\"491\" height=\"366\" srcset=\"https:\/\/www.nika-ho.cz\/wp-content\/uploads\/2020\/02\/nvp-Brno-13.1.20.jpg 960w, https:\/\/www.nika-ho.cz\/wp-content\/uploads\/2020\/02\/nvp-Brno-13.1.20-300x224.jpg 300w, https:\/\/www.nika-ho.cz\/wp-content\/uploads\/2020\/02\/nvp-Brno-13.1.20-768x574.jpg 768w\" sizes=\"auto, (max-width: 491px) 100vw, 491px\" \/><figcaption><strong>z leva Tara Chelsey Donnevara, Berta Nika-Ho, Asta Lady Moravia Traj a Beowulf Jambo Nika-Ho<\/strong><br><br><br><\/figcaption><\/figure><\/div>\n\n\n\n<hr class=\"wp-block-separator is-style-wide\"\/>\n","protected":false},"excerpt":{"rendered":"<p>Asta Lucky a Alma Ria hledaj\u00ed nov\u00fd dom Hled\u00e1me 2 nov\u00e9 domovy pro dv\u011b 3,5 let\u00e9 feny z na\u0161eho vrhu A &#8211; Alma Ria a Astu Lucky. Fenky spolu vyr\u016fstaly na farm\u011b. Kv\u016fli t\u00ed\u017eiv\u00e9 situaci majitel\u016f jsem fenky odebrala. Feny se za\u010daly chovat jako sme\u010dka v\u016f\u010di hospod\u00e1\u0159sk\u00fdm zv\u00ed\u0159at\u016fm a proto mus\u00ed m\u00edt ka\u017ed\u00e1 svou rodinu. [&hellip;]<\/p>\n","protected":false},"author":2,"featured_media":0,"parent":287,"menu_order":3,"comment_status":"closed","ping_status":"closed","template":"","meta":{"ngg_post_thumbnail":0,"pgc_sgb_lightbox_settings":"","footnotes":""},"class_list":["post-529","page","type-page","status-publish","hentry"],"_links":{"self":[{"href":"https:\/\/www.nika-ho.cz\/index.php?rest_route=\/wp\/v2\/pages\/529","targetHints":{"allow":["GET"]}}],"collection":[{"href":"https:\/\/www.nika-ho.cz\/index.php?rest_route=\/wp\/v2\/pages"}],"about":[{"href":"https:\/\/www.nika-ho.cz\/index.php?rest_route=\/wp\/v2\/types\/page"}],"author":[{"embeddable":true,"href":"https:\/\/www.nika-ho.cz\/index.php?rest_route=\/wp\/v2\/users\/2"}],"replies":[{"embeddable":true,"href":"https:\/\/www.nika-ho.cz\/index.php?rest_route=%2Fwp%2Fv2%2Fcomments&post=529"}],"version-history":[{"count":120,"href":"https:\/\/www.nika-ho.cz\/index.php?rest_route=\/wp\/v2\/pages\/529\/revisions"}],"predecessor-version":[{"id":1206,"href":"https:\/\/www.nika-ho.cz\/index.php?rest_route=\/wp\/v2\/pages\/529\/revisions\/1206"}],"up":[{"embeddable":true,"href":"https:\/\/www.nika-ho.cz\/index.php?rest_route=\/wp\/v2\/pages\/287"}],"wp:attachment":[{"href":"https:\/\/www.nika-ho.cz\/index.php?rest_route=%2Fwp%2Fv2%2Fmedia&parent=529"}],"curies":[{"name":"wp","href":"https:\/\/api.w.org\/{rel}","templated":true}]}}