{"id":4069,"date":"2025-04-20T12:51:33","date_gmt":"2025-04-20T12:51:33","guid":{"rendered":"https:\/\/www.nika-ho.cz\/?page_id=4069"},"modified":"2025-09-01T14:35:10","modified_gmt":"2025-09-01T14:35:10","slug":"florijanka-nika-ho","status":"publish","type":"page","link":"https:\/\/www.nika-ho.cz\/?page_id=4069","title":{"rendered":"Florij\u00e1nka Nika-Ho"},"content":{"rendered":"\n<div class=\"wp-block-columns is-layout-flex wp-container-core-columns-is-layout-9d6595d7 wp-block-columns-is-layout-flex\">\n<div class=\"wp-block-column is-layout-flow wp-block-column-is-layout-flow\" style=\"flex-basis:50%\">\n<figure class=\"wp-block-image size-medium\"><a href=\"https:\/\/www.nika-ho.cz\/wp-content\/uploads\/2025\/09\/32_FLORIJNKANika-Ho01.jpg\"><img loading=\"lazy\" decoding=\"async\" width=\"300\" height=\"200\" src=\"https:\/\/www.nika-ho.cz\/wp-content\/uploads\/2025\/09\/32_FLORIJNKANika-Ho01-300x200.jpg\" alt=\"\" class=\"wp-image-4376\" srcset=\"https:\/\/www.nika-ho.cz\/wp-content\/uploads\/2025\/09\/32_FLORIJNKANika-Ho01-300x200.jpg 300w, https:\/\/www.nika-ho.cz\/wp-content\/uploads\/2025\/09\/32_FLORIJNKANika-Ho01-1024x681.jpg 1024w, https:\/\/www.nika-ho.cz\/wp-content\/uploads\/2025\/09\/32_FLORIJNKANika-Ho01-768x511.jpg 768w, https:\/\/www.nika-ho.cz\/wp-content\/uploads\/2025\/09\/32_FLORIJNKANika-Ho01-1536x1022.jpg 1536w, https:\/\/www.nika-ho.cz\/wp-content\/uploads\/2025\/09\/32_FLORIJNKANika-Ho01.jpg 1900w\" sizes=\"auto, (max-width: 300px) 100vw, 300px\" \/><\/a><\/figure>\n<\/div>\n\n\n\n<div class=\"wp-block-column is-layout-flow wp-block-column-is-layout-flow\" style=\"flex-basis:50%\"><div class=\"wp-block-image\">\n<figure class=\"aligncenter size-medium\"><a href=\"https:\/\/www.nika-ho.cz\/wp-content\/uploads\/2025\/09\/32_FLORIJNKANika-Ho03.jpg\"><img loading=\"lazy\" decoding=\"async\" width=\"300\" height=\"200\" src=\"https:\/\/www.nika-ho.cz\/wp-content\/uploads\/2025\/09\/32_FLORIJNKANika-Ho03-300x200.jpg\" alt=\"\" class=\"wp-image-4377\" srcset=\"https:\/\/www.nika-ho.cz\/wp-content\/uploads\/2025\/09\/32_FLORIJNKANika-Ho03-300x200.jpg 300w, https:\/\/www.nika-ho.cz\/wp-content\/uploads\/2025\/09\/32_FLORIJNKANika-Ho03-1024x681.jpg 1024w, https:\/\/www.nika-ho.cz\/wp-content\/uploads\/2025\/09\/32_FLORIJNKANika-Ho03-768x511.jpg 768w, https:\/\/www.nika-ho.cz\/wp-content\/uploads\/2025\/09\/32_FLORIJNKANika-Ho03-1536x1022.jpg 1536w, https:\/\/www.nika-ho.cz\/wp-content\/uploads\/2025\/09\/32_FLORIJNKANika-Ho03.jpg 1900w\" sizes=\"auto, (max-width: 300px) 100vw, 300px\" \/><\/a><\/figure>\n<\/div><\/div>\n<\/div>\n\n\n\n<p class=\"has-text-align-left has-medium-font-size\"><strong><em>Narozena: <\/em><\/strong> 17.12.2024<\/p>\n\n\n\n<p class=\"has-text-align-left has-medium-font-size\"><strong><em>Reg. \u010d\u00edslo: <\/em><\/strong>  <a href=\"https:\/\/www.nika-ho.cz\/wp-admin\/post.php?post=4069&amp;action=edit\">CMKU\/ACO\/7549\/24<\/a><\/p>\n\n\n\n<p class=\"has-text-align-left has-medium-font-size\"><strong><em>Pohlav\u00ed:<\/em><\/strong> Fena<\/p>\n\n\n\n<p class=\"has-text-align-left has-medium-font-size\"><strong><em>Srst:<\/em><\/strong> Dlouh\u00e1<\/p>\n\n\n\n<p class=\"has-text-align-left has-medium-font-size\"><strong><em>Zdrav\u00ed:<\/em><\/strong> <strong>\u00a0<\/strong>DKK ?, DKL ?, MDR1 ?, DM ,, DNA ,<\/p>\n\n\n\n<p class=\"has-text-align-left has-black-color has-text-color has-link-color has-medium-font-size wp-elements-438109becf6acf08960f380e4e86ff4e\"><strong><em>Matka: <\/em><\/strong><a href=\"https:\/\/db.bily-ovcak.cz\/psi\/8016\/cia-chelsey-nika-ho\">Cia Chelsey Nika-Ho<\/a><\/p>\n\n\n\n<p class=\"has-text-align-left has-black-color has-text-color has-link-color has-medium-font-size wp-elements-5007dc39b857e95506548d42189a0645\"><strong><em>Otec:<\/em><\/strong>    <a href=\"https:\/\/db.bily-ovcak.cz\/psi\/8765\/prince-yummy-wings-of-phoenix\">Prince Yummy Wings of Phoenix<\/a><\/p>\n\n\n\n<p class=\"has-text-align-left has-medium-font-size\"><strong><em>Svod:<\/em><\/strong> 3.8.2025 <a href=\"https:\/\/db.bily-ovcak.cz\/svody\/svodova-karta\/3092\">(Chl\u00edstovice)<\/a><\/p>\n\n\n\n<p class=\"has-text-align-left has-medium-font-size\"><strong><em>Chovnost:<\/em><\/strong>  ?<\/p>\n\n\n\n<p class=\"has-text-align-left has-medium-font-size\"><strong><em>V\u00fdstavy:<\/em><\/strong><\/p>\n\n\n\n<p class=\"has-text-align-left has-medium-font-size\"><strong><em>Tituly:<\/em><\/strong><\/p>\n\n\n\n<p class=\"has-text-align-left has-medium-font-size\"><strong><em>Zkou\u0161ky<\/em><\/strong>:<\/p>\n\n\n\n<p><\/p>\n\n\n\n<p><\/p>\n","protected":false},"excerpt":{"rendered":"<p>Narozena: 17.12.2024 Reg. \u010d\u00edslo: CMKU\/ACO\/7549\/24 Pohlav\u00ed: Fena Srst: Dlouh\u00e1 Zdrav\u00ed: \u00a0DKK ?, DKL ?, MDR1 ?, DM ,, DNA , Matka: Cia Chelsey Nika-Ho Otec: Prince Yummy Wings of Phoenix Svod: 3.8.2025 (Chl\u00edstovice) Chovnost: ? V\u00fdstavy: Tituly: Zkou\u0161ky:<\/p>\n","protected":false},"author":2,"featured_media":0,"parent":0,"menu_order":0,"comment_status":"closed","ping_status":"closed","template":"","meta":{"ngg_post_thumbnail":0,"pgc_sgb_lightbox_settings":"","footnotes":""},"class_list":["post-4069","page","type-page","status-publish","hentry"],"_links":{"self":[{"href":"https:\/\/www.nika-ho.cz\/index.php?rest_route=\/wp\/v2\/pages\/4069","targetHints":{"allow":["GET"]}}],"collection":[{"href":"https:\/\/www.nika-ho.cz\/index.php?rest_route=\/wp\/v2\/pages"}],"about":[{"href":"https:\/\/www.nika-ho.cz\/index.php?rest_route=\/wp\/v2\/types\/page"}],"author":[{"embeddable":true,"href":"https:\/\/www.nika-ho.cz\/index.php?rest_route=\/wp\/v2\/users\/2"}],"replies":[{"embeddable":true,"href":"https:\/\/www.nika-ho.cz\/index.php?rest_route=%2Fwp%2Fv2%2Fcomments&post=4069"}],"version-history":[{"count":6,"href":"https:\/\/www.nika-ho.cz\/index.php?rest_route=\/wp\/v2\/pages\/4069\/revisions"}],"predecessor-version":[{"id":4383,"href":"https:\/\/www.nika-ho.cz\/index.php?rest_route=\/wp\/v2\/pages\/4069\/revisions\/4383"}],"wp:attachment":[{"href":"https:\/\/www.nika-ho.cz\/index.php?rest_route=%2Fwp%2Fv2%2Fmedia&parent=4069"}],"curies":[{"name":"wp","href":"https:\/\/api.w.org\/{rel}","templated":true}]}}