{"id":257,"date":"2018-11-21T20:57:02","date_gmt":"2018-11-21T20:57:02","guid":{"rendered":"http:\/\/www.nika-ho.cz\/?page_id=257"},"modified":"2024-03-18T18:58:30","modified_gmt":"2024-03-18T18:58:30","slug":"berta-nika-ho","status":"publish","type":"page","link":"https:\/\/www.nika-ho.cz\/?page_id=257","title":{"rendered":"Berta Nika-Ho"},"content":{"rendered":"<div class=\"wp-block-image\">\n<figure class=\"aligncenter is-resized\"><img loading=\"lazy\" decoding=\"async\" src=\"https:\/\/www.nika-ho.cz\/wp-content\/uploads\/2021\/01\/1443_1-1024x768.jpg\" alt=\"\" class=\"wp-image-1017\" width=\"473\" height=\"355\" srcset=\"https:\/\/www.nika-ho.cz\/wp-content\/uploads\/2021\/01\/1443_1-1024x768.jpg 1024w, https:\/\/www.nika-ho.cz\/wp-content\/uploads\/2021\/01\/1443_1-300x225.jpg 300w, https:\/\/www.nika-ho.cz\/wp-content\/uploads\/2021\/01\/1443_1-768x576.jpg 768w, https:\/\/www.nika-ho.cz\/wp-content\/uploads\/2021\/01\/1443_1.jpg 2000w\" sizes=\"auto, (max-width: 473px) 100vw, 473px\" \/><\/figure>\n<\/div>\n\n<div class=\"wp-block-image\">\n<figure class=\"aligncenter is-resized\"><a href=\"http:\/\/www.pedigreedatabase.com\/white_shepherd\/dog.html?id=2951259-berta-nikaho\" target=\"_blank\" rel=\"noreferrer noopener\"><img loading=\"lazy\" decoding=\"async\" src=\"https:\/\/www.nika-ho.cz\/wp-content\/uploads\/2020\/03\/logosmalld-7.png\" alt=\"\" class=\"wp-image-762\" width=\"238\" height=\"50\"\/><\/a><\/figure>\n<\/div>\n\n\n<p class=\"has-text-align-left has-medium-font-size\"><strong><em>Narozena: <\/em><\/strong> 8.5.2018<\/p>\n\n\n\n<p class=\"has-text-align-left has-medium-font-size\"><strong><em>Reg.\u010d\u00edslo:<\/em><\/strong>  CMKU\/ACO\/4354\/18\/ 20<\/p>\n\n\n\n<p class=\"has-text-align-left has-medium-font-size\"><strong><em>Pohlav\u00ed:<\/em><\/strong>  Fena<\/p>\n\n\n\n<p class=\"has-text-align-left has-medium-font-size\"><strong><em>Srst:<\/em><\/strong>  Dlouh\u00e1<\/p>\n\n\n\n<p class=\"has-text-align-left has-medium-font-size\"><strong><em>Zdrav\u00ed:<\/em><\/strong> DKK 0\/0, DKL 0\/0,MDR 1 +\/+ ( po rodi\u010d\u00edch ), DM N\/N, FGF5 M1\/M1, DNA-profil<\/p>\n\n\n\n<p class=\"has-text-align-left has-medium-font-size\"><strong>Matka:<\/strong>   Asta Lady Moravia Traj<\/p>\n\n\n\n<p class=\"has-text-align-left has-medium-font-size\"><strong>Otec: <\/strong>Iscar King z Ran\u010de Montara<\/p>\n\n\n\n<p class=\"has-text-align-left has-medium-font-size\"><strong><em>Svod:<\/em><\/strong> splnila 24.3.2018<\/p>\n\n\n\n<p class=\"has-text-align-left has-medium-font-size\"><strong><em>Bonitace:<\/em><\/strong> 26.9.2020 ( b.k.- IIa\/CH1,P2\/I ) <\/p>\n\n\n\n<p class=\"has-text-align-left has-medium-font-size\"><strong><em>Tituly:<\/em><\/strong>  Klubov\u00fd \u0161ampion \u010cR, <\/p>\n\n\n\n<p class=\"has-text-align-left\"><strong>\u010dekatelka<\/strong>: \u0160AMPION \u010cR, \u0160AMPION \u010cMKU, \u0160AMPION SK <\/p>\n\n\n\n<p class=\"has-text-align-center has-very-light-gray-color has-text-color has-large-font-size\"><strong>ODCHOVY<\/strong><\/p>\n\n\n<div class=\"wp-block-wptb-table-block\"><div class=\"wptb-container-legacy\" data-table-id=\"1325\">\n    <table class=\"wptb-preview-table wptb-element-main-table_setting-1325\" data-reconstraction=\"1\" style=\"border: 1px solid rgb(209, 209, 209);\" data-wptb-table-tds-sum-max-width=\"394\" data-wptb-cells-width-auto-count=\"3\" data-wptb-extra-styles=\"LyogRW50ZXIgeW91ciBjdXN0b20gQ1NTIHJ1bGVzIGhlcmUgKi8=\" role=\"table\" data-table-columns=\"3\" data-wptb-horizontal-scroll-status=\"false\"><tbody><tr class=\"wptb-row\"><td class=\"wptb-cell\" data-y-index=\"0\" data-x-index=\"0\" style=\"border: 1px solid rgb(209, 209, 209);\" data-wptb-css-td-auto-width=\"true\"><div class=\"wptb-text-container wptb-ph-element wptb-element-text-1\"><div class=\"\" style=\"position: relative;\"><p style=\"text-align: center;\"><strong>VRH<\/strong><\/p><\/div><\/div><\/td><td class=\"wptb-cell\" data-y-index=\"0\" data-x-index=\"1\" style=\"border: 1px solid rgb(209, 209, 209);\" data-wptb-css-td-auto-width=\"true\"><div class=\"wptb-text-container wptb-ph-element wptb-element-text-2\"><div class=\"\" style=\"position: relative;\"><p style=\"text-align: center;\"><strong>OTEC<\/strong><\/p><\/div><\/div><\/td><td class=\"wptb-cell\" data-y-index=\"0\" data-x-index=\"2\" style=\"border: 1px solid rgb(209, 209, 209);\" data-wptb-css-td-auto-width=\"true\"><div class=\"wptb-text-container wptb-ph-element wptb-element-text-3\"><div class=\"\" style=\"position: relative;\"><p style=\"text-align: center;\"><strong>P\/F<\/strong><\/p><\/div><\/div><\/td><\/tr><tr class=\"wptb-row\" style=\"--hover-bg-color: undefined;\"><td class=\"wptb-cell\" data-y-index=\"1\" data-x-index=\"0\" style=\"border: 1px solid rgb(209, 209, 209);\" data-wptb-css-td-auto-width=\"true\"><div class=\"wptb-text-container wptb-ph-element wptb-element-text-12\" style=\"font-size: 17px; color: rgb(0, 0, 0);\"><div class=\"\" style=\"position: relative;\"><p style=\"text-align: center;\"><a data-mce-href=\"https:\/\/www.nika-ho.cz\/?page_id=250\" href=\"https:\/\/www.nika-ho.cz\/?page_id=250\" target=\"_blank\" style=\"color: #8224e3;\" rel=\"noopener\"><strong>C\ufeff<\/strong><\/a><\/p><\/div><\/div><\/td><td class=\"wptb-cell\" data-y-index=\"1\" data-x-index=\"1\" style=\"border: 1px solid rgb(209, 209, 209);\" data-wptb-css-td-auto-width=\"true\"><div class=\"wptb-text-container wptb-ph-element wptb-element-text-5\" style=\"color: rgb(74, 74, 74); font-size: 15px;\"><div class=\"\" style=\"position: relative;\"><p style=\"text-align: center;\"><strong>Lars la Blankpapilio<\/strong><\/p><\/div><\/div><\/td><td class=\"wptb-cell\" data-y-index=\"1\" data-x-index=\"2\" style=\"border: 1px solid rgb(209, 209, 209);\" data-wptb-css-td-auto-width=\"true\"><div class=\"wptb-text-container wptb-ph-element wptb-element-text-6 edit-active\" style=\"color: rgb(0, 0, 0); font-size: 15px;\"><div class=\"\" style=\"position: relative;\"><p style=\"text-align: center;\">5\/4<\/p><p><\/p><\/div><\/div><\/td><\/tr><tr class=\"wptb-row\" style=\"--hover-bg-color: undefined;\"><td class=\"wptb-cell\" style=\"border: 1px solid rgb(209, 209, 209);\" data-x-index=\"0\" data-y-index=\"2\" data-wptb-css-td-auto-width=\"true\"><div class=\"wptb-text-container wptb-ph-element wptb-element-text-9\" style=\"color: rgb(0, 0, 0); font-size: 15px;\"><div class=\"\" style=\"position: relative;\"><p style=\"text-align: center;\"><strong><a href=\"https:\/\/www.nika-ho.cz\/?page_id=1421\" target=\"_blank\" rel=\"noopener\" data-mce-href=\"https:\/\/www.nika-ho.cz\/?page_id=1421\" style=\"color: #9013fe;\">\ufeffD\ufeff<\/a>\ufeff<\/strong><\/p><\/div><\/div><\/td><td class=\"wptb-cell\" style=\"border: 1px solid rgb(209, 209, 209);\" data-x-index=\"1\" data-y-index=\"2\" data-wptb-css-td-auto-width=\"true\"><div class=\"wptb-text-container wptb-ph-element wptb-element-text-10\" style=\"color: rgb(74, 85, 104); font-size: 15px;\"><div class=\"\" style=\"position: relative;\"><p style=\"text-align: center;\"><strong>Khotan Nubika<\/strong><\/p><p><\/p><\/div><\/div><\/td><td class=\"wptb-cell\" style=\"border: 1px solid rgb(209, 209, 209);\" data-x-index=\"2\" data-y-index=\"2\" data-wptb-css-td-auto-width=\"true\"><div class=\"wptb-text-container wptb-ph-element wptb-element-text-11\" style=\"color: rgb(0, 0, 0); font-size: 15px;\"><div class=\"\" style=\"position: relative;\"><p style=\"text-align: center;\">6\/1<\/p><p><\/p><\/div><\/div><\/td><\/tr><tr class=\"wptb-row\" style=\"--hover-bg-color: undefined;\"><td class=\"wptb-cell\" style=\"border: 1px solid rgb(209, 209, 209);\" data-x-index=\"0\" data-y-index=\"3\" data-wptb-css-td-auto-width=\"true\"><div class=\"wptb-text-container wptb-ph-element wptb-element-text-13\" style=\"color: rgb(0, 0, 0); font-size: 15px;\"><div class=\"\" style=\"position: relative;\"><p style=\"text-align: center;\"><a data-mce-href=\"https:\/\/www.nika-ho.cz\/?page_id=2264\" href=\"https:\/\/www.nika-ho.cz\/?page_id=2264\" target=\"_blank\" rel=\"noopener\" style=\"color: #9013fe;\"><strong>E<\/strong>\ufeff<\/a><\/p><\/div><\/div><\/td><td class=\"wptb-cell\" style=\"border: 1px solid rgb(209, 209, 209);\" data-x-index=\"1\" data-y-index=\"3\" data-wptb-css-td-auto-width=\"true\"><div class=\"wptb-text-container wptb-ph-element wptb-element-text-14\" style=\"color: rgb(74, 74, 74); font-size: 15px;\"><div class=\"\" style=\"position: relative;\"><p style=\"text-align: center;\"><strong>Fenix B\u00edl\u00e1 Merci<\/strong><\/p><\/div><\/div><\/td><td class=\"wptb-cell\" style=\"border: 1px solid rgb(209, 209, 209);\" data-x-index=\"2\" data-y-index=\"3\" data-wptb-css-td-auto-width=\"true\"><div class=\"wptb-text-container wptb-ph-element wptb-element-text-15\" style=\"color: rgb(0, 0, 0); font-size: 15px;\"><div class=\"\" style=\"position: relative;\"><p style=\"text-align: center;\">3\/3<\/p><p style=\"text-align: center;\"><\/p><\/div><\/div><\/td><\/tr><\/tbody><\/table>\n<\/div>\n<\/div>\n\n\n<p><\/p>\n","protected":false},"excerpt":{"rendered":"<p>Narozena: 8.5.2018 Reg.\u010d\u00edslo: CMKU\/ACO\/4354\/18\/ 20 Pohlav\u00ed: Fena Srst: Dlouh\u00e1 Zdrav\u00ed: DKK 0\/0, DKL 0\/0,MDR 1 +\/+ ( po rodi\u010d\u00edch ), DM N\/N, FGF5 M1\/M1, DNA-profil Matka: Asta Lady Moravia Traj Otec: Iscar King z Ran\u010de Montara Svod: splnila 24.3.2018 Bonitace: 26.9.2020 ( b.k.- IIa\/CH1,P2\/I ) Tituly: Klubov\u00fd \u0161ampion \u010cR, \u010dekatelka: \u0160AMPION \u010cR, \u0160AMPION \u010cMKU, \u0160AMPION [&hellip;]<\/p>\n","protected":false},"author":2,"featured_media":0,"parent":171,"menu_order":15,"comment_status":"closed","ping_status":"closed","template":"","meta":{"ngg_post_thumbnail":0,"pgc_sgb_lightbox_settings":"","footnotes":""},"class_list":["post-257","page","type-page","status-publish","hentry"],"_links":{"self":[{"href":"https:\/\/www.nika-ho.cz\/index.php?rest_route=\/wp\/v2\/pages\/257","targetHints":{"allow":["GET"]}}],"collection":[{"href":"https:\/\/www.nika-ho.cz\/index.php?rest_route=\/wp\/v2\/pages"}],"about":[{"href":"https:\/\/www.nika-ho.cz\/index.php?rest_route=\/wp\/v2\/types\/page"}],"author":[{"embeddable":true,"href":"https:\/\/www.nika-ho.cz\/index.php?rest_route=\/wp\/v2\/users\/2"}],"replies":[{"embeddable":true,"href":"https:\/\/www.nika-ho.cz\/index.php?rest_route=%2Fwp%2Fv2%2Fcomments&post=257"}],"version-history":[{"count":30,"href":"https:\/\/www.nika-ho.cz\/index.php?rest_route=\/wp\/v2\/pages\/257\/revisions"}],"predecessor-version":[{"id":2037,"href":"https:\/\/www.nika-ho.cz\/index.php?rest_route=\/wp\/v2\/pages\/257\/revisions\/2037"}],"up":[{"embeddable":true,"href":"https:\/\/www.nika-ho.cz\/index.php?rest_route=\/wp\/v2\/pages\/171"}],"wp:attachment":[{"href":"https:\/\/www.nika-ho.cz\/index.php?rest_route=%2Fwp%2Fv2%2Fmedia&parent=257"}],"curies":[{"name":"wp","href":"https:\/\/api.w.org\/{rel}","templated":true}]}}