{"id":2260,"date":"2023-03-15T06:28:22","date_gmt":"2023-03-15T06:28:22","guid":{"rendered":"http:\/\/www.nika-ho.cz\/?page_id=2260"},"modified":"2026-03-03T19:03:43","modified_gmt":"2026-03-03T19:03:43","slug":"planovana-stenata-2","status":"publish","type":"page","link":"https:\/\/www.nika-ho.cz\/?page_id=2260","title":{"rendered":"Pl\u00e1novan\u00e1 \u0161t\u011b\u0148\u00e1tka"},"content":{"rendered":"\n<p class=\"has-medium-font-size\"><strong>KDYKOLI V PR\u016eB\u011aHU ROKU BEREME A VEDEME REZERVACE NA \u0160T\u011a\u0147\u00c1TKA. <\/strong><\/p>\n\n\n\n<p class=\"has-text-align-center has-medium-font-size\"><strong>POKUD M\u00c1TE Z\u00c1JEM O \u0160T\u011a\u0143\u00c1TKO A CHT\u011aLI BYSTE SI UD\u011aLAT REZERVACI, KONTAKTUJTE N\u00c1S NA MAIL: nika-ho@email.cz<\/strong><\/p>\n\n\n\n<p class=\"has-medium-font-size\">Do rezervace uve\u010fte jestli si p\u0159ejete fenku nebo pejska. V\u0161echny z\u00e1jemce, kte\u0159\u00ed si \u0161t\u011b\u0148\u00e1tko rezervuj\u00ed budeme kontaktovat a informovat o vrhu e-mailem. Ve\u0161ker\u00e9 informace budou i na na\u0161ich str\u00e1nk\u00e1ch. <\/p>\n\n\n\n<p class=\"has-text-align-center has-vivid-red-color has-white-background-color has-text-color has-background has-link-color has-large-font-size wp-elements-11eaac0c24e4ff807b456b9a59f55356\"><strong>VRH &#8222;H&#8220; &#8211; 2027<\/strong><\/p>\n\n\n\n<p class=\"has-vivid-cyan-blue-color has-white-background-color has-text-color has-background has-link-color has-medium-font-size wp-elements-a758e90c70cc16851781f5926ad15bb8\">Pro rok 2026 si na\u0161e CHS Nika-Ho vzala \u0161t\u011bn\u011bc\u00ed dovolenou, ale pe\u010dliv\u011b hled\u00e1me \u017eenichy pro rok 2027.<\/p>\n\n\n\n<p class=\"has-text-align-center has-black-color has-white-background-color has-text-color has-background has-medium-font-size\"><\/p>\n\n\n\n<p class=\"has-text-align-center has-black-color has-text-color has-medium-font-size\"><strong> <\/strong><\/p>\n\n\n\n<p class=\"has-text-align-center has-vivid-green-cyan-color has-text-color has-link-color has-large-font-size wp-elements-57b60869bec986565c74ad6a49943134\"><\/p>\n\n\n\n<p class=\"has-medium-font-size\"><\/p>\n\n\n\n<p><\/p>\n","protected":false},"excerpt":{"rendered":"<p>KDYKOLI V PR\u016eB\u011aHU ROKU BEREME A VEDEME REZERVACE NA \u0160T\u011a\u0147\u00c1TKA. POKUD M\u00c1TE Z\u00c1JEM O \u0160T\u011a\u0143\u00c1TKO A CHT\u011aLI BYSTE SI UD\u011aLAT REZERVACI, KONTAKTUJTE N\u00c1S NA MAIL: nika-ho@email.cz Do rezervace uve\u010fte jestli si p\u0159ejete fenku nebo pejska. V\u0161echny z\u00e1jemce, kte\u0159\u00ed si \u0161t\u011b\u0148\u00e1tko rezervuj\u00ed budeme kontaktovat a informovat o vrhu e-mailem. Ve\u0161ker\u00e9 informace budou i na na\u0161ich str\u00e1nk\u00e1ch. [&hellip;]<\/p>\n","protected":false},"author":2,"featured_media":0,"parent":0,"menu_order":0,"comment_status":"closed","ping_status":"closed","template":"","meta":{"ngg_post_thumbnail":0,"pgc_sgb_lightbox_settings":"","footnotes":""},"class_list":["post-2260","page","type-page","status-publish","hentry"],"_links":{"self":[{"href":"https:\/\/www.nika-ho.cz\/index.php?rest_route=\/wp\/v2\/pages\/2260","targetHints":{"allow":["GET"]}}],"collection":[{"href":"https:\/\/www.nika-ho.cz\/index.php?rest_route=\/wp\/v2\/pages"}],"about":[{"href":"https:\/\/www.nika-ho.cz\/index.php?rest_route=\/wp\/v2\/types\/page"}],"author":[{"embeddable":true,"href":"https:\/\/www.nika-ho.cz\/index.php?rest_route=\/wp\/v2\/users\/2"}],"replies":[{"embeddable":true,"href":"https:\/\/www.nika-ho.cz\/index.php?rest_route=%2Fwp%2Fv2%2Fcomments&post=2260"}],"version-history":[{"count":49,"href":"https:\/\/www.nika-ho.cz\/index.php?rest_route=\/wp\/v2\/pages\/2260\/revisions"}],"predecessor-version":[{"id":4475,"href":"https:\/\/www.nika-ho.cz\/index.php?rest_route=\/wp\/v2\/pages\/2260\/revisions\/4475"}],"wp:attachment":[{"href":"https:\/\/www.nika-ho.cz\/index.php?rest_route=%2Fwp%2Fv2%2Fmedia&parent=2260"}],"curies":[{"name":"wp","href":"https:\/\/api.w.org\/{rel}","templated":true}]}}