{"id":162,"date":"2018-06-23T19:37:21","date_gmt":"2018-06-23T19:37:21","guid":{"rendered":"http:\/\/www.nika-ho.cz\/?page_id=162"},"modified":"2025-07-17T22:47:00","modified_gmt":"2025-07-17T22:47:00","slug":"uvod","status":"publish","type":"page","link":"https:\/\/www.nika-ho.cz\/","title":{"rendered":"Home"},"content":{"rendered":"<div class=\"art-content-layout-wrapper layout-item-old-0\">\n<div class=\"art-content-layout\">\n<div class=\"art-content-layout-row responsive-layout-row-1\">\n<div class=\"art-layout-cell layout-item-old-1\" style=\"width: 100%;\">\n<p style=\"text-align: center;\"><strong><span style=\"font-family: georgia, serif; font-size: 8px;\">&nbsp;<\/span><\/strong><\/p>\n<p style=\"text-align: center;\"><span style=\"font-family: Cinzel;\"><strong><span style=\"font-size: 28px;\">V\u00edtejte na str\u00e1nk\u00e1ch chovatelsk\u00e9 stanice<\/span><\/strong><\/span><span style=\"font-size: 14px;\"><em><strong><br \/>\n<\/strong><\/em><\/span><\/p>\n<p style=\"text-align: center;\"><strong><span style=\"font-family: georgia, serif; font-size: 28px;\">&nbsp;<\/span><\/strong><\/p>\n<p style=\"text-align: center;\"><span style=\"font-family: Cinzel; font-size: 28px;\"><em><span style=\"font-weight: bold;\">B\u00edl\u00e9ho \u0161v\u00fdcarsk\u00e9ho ov\u010d\u00e1ka a Saarloosov\u00e9ho vl\u010d\u00e1ka<\/span><span style=\"font-weight: bold;\">.<\/span><\/em><\/span><\/p>\n<p style=\"text-align: center;\"><em><span style=\"font-family: Scriptina, Arial, 'Arial Unicode MS', Helvetica, sans-serif;\"><span style=\"font-size: 24px; font-weight: bold;\">&nbsp;<\/span><\/span><\/em><\/p>\n<div class=\"editable\">\n<p style=\"text-align: left;\"><img loading=\"lazy\" decoding=\"async\" class=\"art-lightbox\" style=\"margin: 0px;\" src=\"https:\/\/www.nika-ho.cz\/wp-content\/uploads\/2018\/06\/logov\u00e1-\u00favodn\u00ed-1.jpg\" alt=\"\" width=\"426\" height=\"284\"><img loading=\"lazy\" decoding=\"async\" class=\"art-lightbox\" style=\"float: right; margin: 0px;\" src=\"https:\/\/www.nika-ho.cz\/wp-content\/uploads\/2018\/06\/dsc_9555.jpg\" alt=\"\" width=\"425\" height=\"284\"><\/p>\n<\/div>\n<\/div>\n<\/div>\n<\/div>\n<\/div>\n<div class=\"art-content-layout-wrapper layout-item-old-0\">\n<div class=\"art-content-layout\">\n<div class=\"art-content-layout-row responsive-layout-row-1\">\n<div class=\"art-layout-cell layout-item-old-1\" style=\"width: 100%;\">\n<p><a href=\"https:\/\/www.toplist.cz\/\" target=\"_top\" rel=\"noopener\"><img loading=\"lazy\" decoding=\"async\" class=\"\" style=\"margin-top: 0px; margin-bottom: 0px;\" src=\"https:\/\/toplist.cz\/count.asp?id=1768014&amp;logo=mc\" alt=\"TOPlist\" width=\"88\" height=\"60\" border=\"0\"><\/a><\/p>\n<\/div>\n<\/div>\n<\/div>\n<\/div>\n","protected":false},"excerpt":{"rendered":"<p>&nbsp; V\u00edtejte na str\u00e1nk\u00e1ch chovatelsk\u00e9 stanice &nbsp; B\u00edl\u00e9ho \u0161v\u00fdcarsk\u00e9ho ov\u010d\u00e1ka a Saarloosov\u00e9ho vl\u010d\u00e1ka. &nbsp;<\/p>\n","protected":false},"author":1,"featured_media":0,"parent":0,"menu_order":1,"comment_status":"closed","ping_status":"closed","template":"","meta":{"ngg_post_thumbnail":0,"pgc_sgb_lightbox_settings":"","footnotes":""},"class_list":["post-162","page","type-page","status-publish","hentry"],"_links":{"self":[{"href":"https:\/\/www.nika-ho.cz\/index.php?rest_route=\/wp\/v2\/pages\/162","targetHints":{"allow":["GET"]}}],"collection":[{"href":"https:\/\/www.nika-ho.cz\/index.php?rest_route=\/wp\/v2\/pages"}],"about":[{"href":"https:\/\/www.nika-ho.cz\/index.php?rest_route=\/wp\/v2\/types\/page"}],"author":[{"embeddable":true,"href":"https:\/\/www.nika-ho.cz\/index.php?rest_route=\/wp\/v2\/users\/1"}],"replies":[{"embeddable":true,"href":"https:\/\/www.nika-ho.cz\/index.php?rest_route=%2Fwp%2Fv2%2Fcomments&post=162"}],"version-history":[{"count":9,"href":"https:\/\/www.nika-ho.cz\/index.php?rest_route=\/wp\/v2\/pages\/162\/revisions"}],"predecessor-version":[{"id":4219,"href":"https:\/\/www.nika-ho.cz\/index.php?rest_route=\/wp\/v2\/pages\/162\/revisions\/4219"}],"wp:attachment":[{"href":"https:\/\/www.nika-ho.cz\/index.php?rest_route=%2Fwp%2Fv2%2Fmedia&parent=162"}],"curies":[{"name":"wp","href":"https:\/\/api.w.org\/{rel}","templated":true}]}}